{"id":1558,"date":"2024-03-27T12:19:08","date_gmt":"2024-03-27T11:19:08","guid":{"rendered":"https:\/\/vefaa.bike\/?page_id=1558"},"modified":"2025-06-05T16:52:24","modified_gmt":"2025-06-05T14:52:24","slug":"mentions-legales","status":"publish","type":"page","link":"https:\/\/vefaa.bike\/en\/mentions-legales\/","title":{"rendered":"Mentions l\u00e9gales"},"content":{"rendered":"<p>[et_pb_section fb_built=\u00a0\u00bb1&Prime; _builder_version=\u00a0\u00bb4.24.2&Prime; _module_preset=\u00a0\u00bbdec21e59-819e-4aff-bd69-cae01c1f77dd\u00a0\u00bb background_color=\u00a0\u00bb#F6F6F6&Prime; custom_margin=\u00a0\u00bb2%|2%|2%|2%|true|true\u00a0\u00bb da_disable_devices=\u00a0\u00bboff|off|off\u00a0\u00bb global_colors_info=\u00a0\u00bb{}\u00a0\u00bb da_is_popup=\u00a0\u00bboff\u00a0\u00bb da_exit_intent=\u00a0\u00bboff\u00a0\u00bb da_has_close=\u00a0\u00bbon\u00a0\u00bb da_alt_close=\u00a0\u00bboff\u00a0\u00bb da_dark_close=\u00a0\u00bboff\u00a0\u00bb da_not_modal=\u00a0\u00bbon\u00a0\u00bb da_is_singular=\u00a0\u00bboff\u00a0\u00bb da_with_loader=\u00a0\u00bboff\u00a0\u00bb da_has_shadow=\u00a0\u00bbon\u00a0\u00bb][et_pb_row _builder_version=\u00a0\u00bb4.24.2&Prime; _module_preset=\u00a0\u00bbdefault\u00a0\u00bb global_colors_info=\u00a0\u00bb{}\u00a0\u00bb][et_pb_column type=\u00a0\u00bb4_4&Prime; _builder_version=\u00a0\u00bb4.24.2&Prime; _module_preset=\u00a0\u00bbdefault\u00a0\u00bb global_colors_info=\u00a0\u00bb{}\u00a0\u00bb][et_pb_text _builder_version=\u00a0\u00bb4.24.2&Prime; _module_preset=\u00a0\u00bb957f657e-b6a3-4aab-a984-58925495ffe0&Prime; global_colors_info=\u00a0\u00bb{}\u00a0\u00bb]<\/p>\n<h1>Mentions l\u00e9gales<\/h1>\n<p>[\/et_pb_text][\/et_pb_column][\/et_pb_row][et_pb_row _builder_version=\u00a0\u00bb4.24.2&Prime; _module_preset=\u00a0\u00bbdefault\u00a0\u00bb global_colors_info=\u00a0\u00bb{}\u00a0\u00bb][et_pb_column type=\u00a0\u00bb4_4&Prime; _builder_version=\u00a0\u00bb4.24.2&Prime; _module_preset=\u00a0\u00bbdefault\u00a0\u00bb global_colors_info=\u00a0\u00bb{}\u00a0\u00bb][et_pb_text _builder_version=\u00a0\u00bb4.24.2&Prime; _module_preset=\u00a0\u00bb8cd20326-c215-456d-8609-cf9e11dad194&Prime; text_font=\u00a0\u00bbAllRoundGothic-Normal||||||||\u00a0\u00bb text_text_color=\u00a0\u00bb#1D1D1D\u00a0\u00bb text_font_size=\u00a0\u00bb16px\u00a0\u00bb custom_margin=\u00a0\u00bb||30px||false|false\u00a0\u00bb global_colors_info=\u00a0\u00bb{}\u00a0\u00bb]<\/p>\n<h3>Propri\u00e9t\u00e9s du site<\/h3>\n<p>Le pr\u00e9sent site est la propri\u00e9t\u00e9 de\u00a0Vefaa \u2013 SAS dont le si\u00e8ge social est situ\u00e9 au 43 rue Jean Jaur\u00e8s \u2013 69100 Villeurbanne \u2013 France au capital social de 11 108.9\u20ac \u2013 N\u00b0 de SIRET : 95098986300010.<\/p>\n<p>[\/et_pb_text][et_pb_text _builder_version=\u00a0\u00bb4.24.2&Prime; _module_preset=\u00a0\u00bb8cd20326-c215-456d-8609-cf9e11dad194&Prime; text_font=\u00a0\u00bbAllRoundGothic-Normal||||||||\u00a0\u00bb text_text_color=\u00a0\u00bb#1D1D1D\u00a0\u00bb text_font_size=\u00a0\u00bb16px\u00a0\u00bb custom_margin=\u00a0\u00bb||30px||false|false\u00a0\u00bb global_colors_info=\u00a0\u00bb{}\u00a0\u00bb]<\/p>\n<h3>H\u00e9bergement du site<\/h3>\n<p>Le pr\u00e9sent site est h\u00e9berg\u00e9 par la soci\u00e9t\u00e9 OVH \u2013 2 rue Kellermann, 59100 Roubaix &#8211; 09 72 10 10 07[\/et_pb_text][et_pb_text _builder_version=\u00a0\u00bb4.24.2&Prime; _module_preset=\u00a0\u00bb8cd20326-c215-456d-8609-cf9e11dad194&Prime; text_font=\u00a0\u00bbAllRoundGothic-Normal||||||||\u00a0\u00bb text_text_color=\u00a0\u00bb#1D1D1D\u00a0\u00bb text_font_size=\u00a0\u00bb16px\u00a0\u00bb custom_margin=\u00a0\u00bb||30px||false|false\u00a0\u00bb global_colors_info=\u00a0\u00bb{}\u00a0\u00bb]<\/p>\n<h3>Droits et devoirs de l\u2019utilisateur<\/h3>\n<p>L\u2019utilisateur du pr\u00e9sent site reconna\u00eet disposer de la comp\u00e9tence des moyens n\u00e9cessaires pour acc\u00e9der \u00e0 ce site, l\u2019utiliser et avoir v\u00e9rifi\u00e9 que la configuration informatique utilis\u00e9e ne contient aucun virus et qu\u2019elle est en parfait \u00e9tat de fonctionnement.[\/et_pb_text][et_pb_text _builder_version=\u00a0\u00bb4.27.0&Prime; _module_preset=\u00a0\u00bb8cd20326-c215-456d-8609-cf9e11dad194&Prime; text_font=\u00a0\u00bbAllRoundGothic-Normal||||||||\u00a0\u00bb text_text_color=\u00a0\u00bb#1D1D1D\u00a0\u00bb text_font_size=\u00a0\u00bb16px\u00a0\u00bb custom_margin=\u00a0\u00bb||||false|false\u00a0\u00bb hover_enabled=\u00a0\u00bb0&Prime; global_colors_info=\u00a0\u00bb{}\u00a0\u00bb sticky_enabled=\u00a0\u00bb0&Prime;]<\/p>\n<h3>Utilisation des donn\u00e9es du site<\/h3>\n<p>Les utilisateurs du pr\u00e9sent site sont tenus de respecter les dispositions de la loi relative \u00e0 l\u2019informatique, aux fichiers et aux libert\u00e9s dont la violation est passible de sanctions p\u00e9nales. Ils doivent notamment s\u2019abstenir, s\u2019agissant des informations nominatives auxquelles ils acc\u00e8dent, de toute collecte, de toute utilisation d\u00e9tourn\u00e9e, et d\u2019une mani\u00e8re g\u00e9n\u00e9rale, de tout acte susceptible de porter atteinte \u00e0 la vie priv\u00e9e ou \u00e0 la r\u00e9putation des personnes. La structure g\u00e9n\u00e9rale, ainsi que les logiciels, textes, images anim\u00e9es ou non, son savoir-faire, et tous autres \u00e9l\u00e9ments composants le site sont la propri\u00e9t\u00e9 exclusive de Vefaa. Toute repr\u00e9sentation totale ou partielle de ce site par quelques proc\u00e9d\u00e9s que ce soit, sans l\u2019autorisation expresse de Vefaa est interdite et constituerait une contrefa\u00e7on sanctionn\u00e9e par les articles L.335-2 et suivants du code de la propri\u00e9t\u00e9 intellectuelle. Il en est de m\u00eame des bases de donn\u00e9es figurant sur le site web, qui sont prot\u00e9g\u00e9es par les dispositions de la loi du 1er juillet 1998 portant sur la transposition dans le Code de la propri\u00e9t\u00e9 intellectuelle de la directive europ\u00e9enne du 11 mars 1996 relative \u00e0 la protection juridique des bases de donn\u00e9es, et dont Vefaa est producteur. Les marques Vefaa ainsi que les logos figurant sur le site sont des marques d\u00e9pos\u00e9es ou sont la propri\u00e9t\u00e9 de ses partenaires. Toute reproduction totale ou partielle de ces marques ou de ces logos effectu\u00e9e \u00e0 partir des \u00e9l\u00e9ments du site sans l\u2019autorisation expresse de Vefaa est donc prohib\u00e9e au sens de l\u2019article L713-2 du code de la propri\u00e9t\u00e9 intellectuelle.<\/p>\n<p>Les photos et les caract\u00e9ristiques communiqu\u00e9es sur le site sont non contractuelles. MENTIONS CNIL Conform\u00e9ment \u00e0 la loi \u00ab Informatique et Libert\u00e9s \u00bb du 6 janvier 1978, le pr\u00e9sent site a fait l\u2019objet d\u2019une d\u00e9claration \u00e0 la CNIL, r\u00e9c\u00e9piss\u00e9 de d\u00e9claration n\u00b0 210 4729. Vous disposez d\u2019un droit d\u2019acc\u00e8s, de modification, de rectification et de suppression des donn\u00e9es vous concernant conform\u00e9ment \u00e0 la loi du 6 janvier 1978 dite \u201cLoi Informatique et Libert\u00e9s\u201d. Vous pouvez l\u2019exercer en adressant un e-mail \u00e0 contact@vefaa.fr et en choisissant comme objet : CNIL \u2013 modification des donn\u00e9es personnelles.<\/p>\n<p><strong>Directeur<\/strong>\u00a0: Roc ARGILES BARO<\/p>\n<p><strong>Directeur de cr\u00e9ation, d\u00e9veloppement et int\u00e9gration web<\/strong><span class=\"Apple-converted-space\">\u00a0<\/span>: Louis Hotteau<\/p>\n<p>[\/et_pb_text][\/et_pb_column][\/et_pb_row][\/et_pb_section]<\/p>\n","protected":false},"excerpt":{"rendered":"<p>Mentions l\u00e9galesPropri\u00e9t\u00e9s du site Le pr\u00e9sent site est la propri\u00e9t\u00e9 de\u00a0Vefaa \u2013 SAS dont le si\u00e8ge social est situ\u00e9 au 43 rue Jean Jaur\u00e8s \u2013 69100 Villeurbanne \u2013 France au capital social de 11 108.9\u20ac \u2013 N\u00b0 de SIRET : 95098986300010.H\u00e9bergement du site Le pr\u00e9sent site est h\u00e9berg\u00e9 par la soci\u00e9t\u00e9 OVH \u2013 2 rue [&hellip;]<\/p>\n","protected":false},"author":1,"featured_media":0,"parent":0,"menu_order":0,"comment_status":"closed","ping_status":"closed","template":"","meta":{"_et_pb_use_builder":"on","_et_pb_old_content":"","_et_gb_content_width":"","inline_featured_image":false,"footnotes":""},"class_list":["post-1558","page","type-page","status-publish","hentry"],"yoast_head":"<!-- This site is optimized with the Yoast SEO plugin v27.4 - https:\/\/yoast.com\/product\/yoast-seo-wordpress\/ -->\n<title>Mentions l\u00e9gales - VEFAA<\/title>\n<meta name=\"robots\" content=\"index, follow, max-snippet:-1, max-image-preview:large, max-video-preview:-1\" \/>\n<link rel=\"canonical\" href=\"https:\/\/vefaa.bike\/en\/mentions-legales\/\" \/>\n<meta property=\"og:locale\" content=\"en_GB\" \/>\n<meta property=\"og:type\" content=\"article\" \/>\n<meta property=\"og:title\" content=\"Mentions l\u00e9gales - VEFAA\" \/>\n<meta property=\"og:description\" content=\"Mentions l\u00e9galesPropri\u00e9t\u00e9s du site Le pr\u00e9sent site est la propri\u00e9t\u00e9 de\u00a0Vefaa \u2013 SAS dont le si\u00e8ge social est situ\u00e9 au 43 rue Jean Jaur\u00e8s \u2013 69100 Villeurbanne \u2013 France au capital social de 11 108.9\u20ac \u2013 N\u00b0 de SIRET : 95098986300010.H\u00e9bergement du site Le pr\u00e9sent site est h\u00e9berg\u00e9 par la soci\u00e9t\u00e9 OVH \u2013 2 rue [&hellip;]\" \/>\n<meta property=\"og:url\" content=\"https:\/\/vefaa.bike\/en\/mentions-legales\/\" \/>\n<meta property=\"og:site_name\" content=\"VEFAA\" \/>\n<meta property=\"article:modified_time\" content=\"2025-06-05T14:52:24+00:00\" \/>\n<meta name=\"twitter:card\" content=\"summary_large_image\" \/>\n<script type=\"application\/ld+json\" class=\"yoast-schema-graph\">{\"@context\":\"https:\\\/\\\/schema.org\",\"@graph\":[{\"@type\":\"WebPage\",\"@id\":\"https:\\\/\\\/vefaa.bike\\\/mentions-legales\\\/\",\"url\":\"https:\\\/\\\/vefaa.bike\\\/mentions-legales\\\/\",\"name\":\"Mentions l\u00e9gales - VEFAA\",\"isPartOf\":{\"@id\":\"https:\\\/\\\/vefaa.bike\\\/#website\"},\"datePublished\":\"2024-03-27T11:19:08+00:00\",\"dateModified\":\"2025-06-05T14:52:24+00:00\",\"breadcrumb\":{\"@id\":\"https:\\\/\\\/vefaa.bike\\\/mentions-legales\\\/#breadcrumb\"},\"inLanguage\":\"en-GB\",\"potentialAction\":[{\"@type\":\"ReadAction\",\"target\":[\"https:\\\/\\\/vefaa.bike\\\/mentions-legales\\\/\"]}]},{\"@type\":\"BreadcrumbList\",\"@id\":\"https:\\\/\\\/vefaa.bike\\\/mentions-legales\\\/#breadcrumb\",\"itemListElement\":[{\"@type\":\"ListItem\",\"position\":1,\"name\":\"Accueil\",\"item\":\"https:\\\/\\\/vefaa.bike\\\/\"},{\"@type\":\"ListItem\",\"position\":2,\"name\":\"Mentions l\u00e9gales\"}]},{\"@type\":\"WebSite\",\"@id\":\"https:\\\/\\\/vefaa.bike\\\/#website\",\"url\":\"https:\\\/\\\/vefaa.bike\\\/\",\"name\":\"Vefaa\",\"description\":\"Se mettre au v\u00e9lo n\u2019aura jamais \u00e9t\u00e9 aussi facile\",\"publisher\":{\"@id\":\"https:\\\/\\\/vefaa.bike\\\/#organization\"},\"potentialAction\":[{\"@type\":\"SearchAction\",\"target\":{\"@type\":\"EntryPoint\",\"urlTemplate\":\"https:\\\/\\\/vefaa.bike\\\/?s={search_term_string}\"},\"query-input\":{\"@type\":\"PropertyValueSpecification\",\"valueRequired\":true,\"valueName\":\"search_term_string\"}}],\"inLanguage\":\"en-GB\"},{\"@type\":\"Organization\",\"@id\":\"https:\\\/\\\/vefaa.bike\\\/#organization\",\"name\":\"Vefaa\",\"url\":\"https:\\\/\\\/vefaa.bike\\\/\",\"logo\":{\"@type\":\"ImageObject\",\"inLanguage\":\"en-GB\",\"@id\":\"https:\\\/\\\/vefaa.bike\\\/#\\\/schema\\\/logo\\\/image\\\/\",\"url\":\"http:\\\/\\\/mfdcovo.cluster028.hosting.ovh.net\\\/wp-content\\\/uploads\\\/2023\\\/11\\\/Logo-Vefaa.png\",\"contentUrl\":\"http:\\\/\\\/mfdcovo.cluster028.hosting.ovh.net\\\/wp-content\\\/uploads\\\/2023\\\/11\\\/Logo-Vefaa.png\",\"width\":750,\"height\":299,\"caption\":\"Vefaa\"},\"image\":{\"@id\":\"https:\\\/\\\/vefaa.bike\\\/#\\\/schema\\\/logo\\\/image\\\/\"},\"sameAs\":[\"https:\\\/\\\/www.linkedin.com\\\/company\\\/vefaa\\\/\"]}]}<\/script>\n<!-- \/ Yoast SEO plugin. -->","yoast_head_json":{"title":"Mentions l\u00e9gales - VEFAA","robots":{"index":"index","follow":"follow","max-snippet":"max-snippet:-1","max-image-preview":"max-image-preview:large","max-video-preview":"max-video-preview:-1"},"canonical":"https:\/\/vefaa.bike\/en\/mentions-legales\/","og_locale":"en_GB","og_type":"article","og_title":"Mentions l\u00e9gales - VEFAA","og_description":"Mentions l\u00e9galesPropri\u00e9t\u00e9s du site Le pr\u00e9sent site est la propri\u00e9t\u00e9 de\u00a0Vefaa \u2013 SAS dont le si\u00e8ge social est situ\u00e9 au 43 rue Jean Jaur\u00e8s \u2013 69100 Villeurbanne \u2013 France au capital social de 11 108.9\u20ac \u2013 N\u00b0 de SIRET : 95098986300010.H\u00e9bergement du site Le pr\u00e9sent site est h\u00e9berg\u00e9 par la soci\u00e9t\u00e9 OVH \u2013 2 rue [&hellip;]","og_url":"https:\/\/vefaa.bike\/en\/mentions-legales\/","og_site_name":"VEFAA","article_modified_time":"2025-06-05T14:52:24+00:00","twitter_card":"summary_large_image","schema":{"@context":"https:\/\/schema.org","@graph":[{"@type":"WebPage","@id":"https:\/\/vefaa.bike\/mentions-legales\/","url":"https:\/\/vefaa.bike\/mentions-legales\/","name":"Mentions l\u00e9gales - VEFAA","isPartOf":{"@id":"https:\/\/vefaa.bike\/#website"},"datePublished":"2024-03-27T11:19:08+00:00","dateModified":"2025-06-05T14:52:24+00:00","breadcrumb":{"@id":"https:\/\/vefaa.bike\/mentions-legales\/#breadcrumb"},"inLanguage":"en-GB","potentialAction":[{"@type":"ReadAction","target":["https:\/\/vefaa.bike\/mentions-legales\/"]}]},{"@type":"BreadcrumbList","@id":"https:\/\/vefaa.bike\/mentions-legales\/#breadcrumb","itemListElement":[{"@type":"ListItem","position":1,"name":"Accueil","item":"https:\/\/vefaa.bike\/"},{"@type":"ListItem","position":2,"name":"Mentions l\u00e9gales"}]},{"@type":"WebSite","@id":"https:\/\/vefaa.bike\/#website","url":"https:\/\/vefaa.bike\/","name":"Vefaa","description":"Se mettre au v\u00e9lo n\u2019aura jamais \u00e9t\u00e9 aussi facile","publisher":{"@id":"https:\/\/vefaa.bike\/#organization"},"potentialAction":[{"@type":"SearchAction","target":{"@type":"EntryPoint","urlTemplate":"https:\/\/vefaa.bike\/?s={search_term_string}"},"query-input":{"@type":"PropertyValueSpecification","valueRequired":true,"valueName":"search_term_string"}}],"inLanguage":"en-GB"},{"@type":"Organization","@id":"https:\/\/vefaa.bike\/#organization","name":"Vefaa","url":"https:\/\/vefaa.bike\/","logo":{"@type":"ImageObject","inLanguage":"en-GB","@id":"https:\/\/vefaa.bike\/#\/schema\/logo\/image\/","url":"http:\/\/mfdcovo.cluster028.hosting.ovh.net\/wp-content\/uploads\/2023\/11\/Logo-Vefaa.png","contentUrl":"http:\/\/mfdcovo.cluster028.hosting.ovh.net\/wp-content\/uploads\/2023\/11\/Logo-Vefaa.png","width":750,"height":299,"caption":"Vefaa"},"image":{"@id":"https:\/\/vefaa.bike\/#\/schema\/logo\/image\/"},"sameAs":["https:\/\/www.linkedin.com\/company\/vefaa\/"]}]}},"_links":{"self":[{"href":"https:\/\/vefaa.bike\/en\/wp-json\/wp\/v2\/pages\/1558","targetHints":{"allow":["GET"]}}],"collection":[{"href":"https:\/\/vefaa.bike\/en\/wp-json\/wp\/v2\/pages"}],"about":[{"href":"https:\/\/vefaa.bike\/en\/wp-json\/wp\/v2\/types\/page"}],"author":[{"embeddable":true,"href":"https:\/\/vefaa.bike\/en\/wp-json\/wp\/v2\/users\/1"}],"replies":[{"embeddable":true,"href":"https:\/\/vefaa.bike\/en\/wp-json\/wp\/v2\/comments?post=1558"}],"version-history":[{"count":12,"href":"https:\/\/vefaa.bike\/en\/wp-json\/wp\/v2\/pages\/1558\/revisions"}],"predecessor-version":[{"id":3643,"href":"https:\/\/vefaa.bike\/en\/wp-json\/wp\/v2\/pages\/1558\/revisions\/3643"}],"wp:attachment":[{"href":"https:\/\/vefaa.bike\/en\/wp-json\/wp\/v2\/media?parent=1558"}],"curies":[{"name":"wp","href":"https:\/\/api.w.org\/{rel}","templated":true}]}}