{"id":2658,"date":"2024-09-25T11:17:04","date_gmt":"2024-09-25T09:17:04","guid":{"rendered":"https:\/\/vefaa.bike\/?page_id=2658"},"modified":"2024-09-25T11:17:51","modified_gmt":"2024-09-25T09:17:51","slug":"confidentialite-cookies","status":"publish","type":"page","link":"https:\/\/vefaa.bike\/en\/confidentialite-cookies\/","title":{"rendered":"Confidentialit\u00e9 cookies"},"content":{"rendered":"<p>[et_pb_section fb_built=\u00a0\u00bb1&Prime; _builder_version=\u00a0\u00bb4.24.2&Prime; _module_preset=\u00a0\u00bbdec21e59-819e-4aff-bd69-cae01c1f77dd\u00a0\u00bb background_color=\u00a0\u00bb#F6F6F6&Prime; custom_margin=\u00a0\u00bb2%|2%|2%|2%|true|true\u00a0\u00bb da_disable_devices=\u00a0\u00bboff|off|off\u00a0\u00bb global_colors_info=\u00a0\u00bb{}\u00a0\u00bb theme_builder_area=\u00a0\u00bbpost_content\u00a0\u00bb da_is_popup=\u00a0\u00bboff\u00a0\u00bb da_exit_intent=\u00a0\u00bboff\u00a0\u00bb da_has_close=\u00a0\u00bbon\u00a0\u00bb da_alt_close=\u00a0\u00bboff\u00a0\u00bb da_dark_close=\u00a0\u00bboff\u00a0\u00bb da_not_modal=\u00a0\u00bbon\u00a0\u00bb da_is_singular=\u00a0\u00bboff\u00a0\u00bb da_with_loader=\u00a0\u00bboff\u00a0\u00bb da_has_shadow=\u00a0\u00bbon\u00a0\u00bb][et_pb_row _builder_version=\u00a0\u00bb4.24.2&Prime; _module_preset=\u00a0\u00bbdefault\u00a0\u00bb global_colors_info=\u00a0\u00bb{}\u00a0\u00bb theme_builder_area=\u00a0\u00bbpost_content\u00a0\u00bb][et_pb_column type=\u00a0\u00bb4_4&Prime; _builder_version=\u00a0\u00bb4.24.2&Prime; _module_preset=\u00a0\u00bbdefault\u00a0\u00bb global_colors_info=\u00a0\u00bb{}\u00a0\u00bb theme_builder_area=\u00a0\u00bbpost_content\u00a0\u00bb][et_pb_text _builder_version=\u00a0\u00bb4.27.0&Prime; _module_preset=\u00a0\u00bb957f657e-b6a3-4aab-a984-58925495ffe0&Prime; hover_enabled=\u00a0\u00bb0&Prime; global_colors_info=\u00a0\u00bb{}\u00a0\u00bb theme_builder_area=\u00a0\u00bbpost_content\u00a0\u00bb sticky_enabled=\u00a0\u00bb0&Prime;]<\/p>\n<h1>CONFIDENTIALIT\u00c9 &amp; Cookies<\/h1>\n<p>[\/et_pb_text][\/et_pb_column][\/et_pb_row][et_pb_row _builder_version=\u00a0\u00bb4.24.2&Prime; _module_preset=\u00a0\u00bbdefault\u00a0\u00bb hover_enabled=\u00a0\u00bb0&Prime; global_colors_info=\u00a0\u00bb{}\u00a0\u00bb theme_builder_area=\u00a0\u00bbpost_content\u00a0\u00bb sticky_enabled=\u00a0\u00bb0&Prime;][et_pb_column type=\u00a0\u00bb4_4&Prime; _builder_version=\u00a0\u00bb4.24.2&Prime; _module_preset=\u00a0\u00bbdefault\u00a0\u00bb global_colors_info=\u00a0\u00bb{}\u00a0\u00bb theme_builder_area=\u00a0\u00bbpost_content\u00a0\u00bb][et_pb_text _builder_version=\u00a0\u00bb4.27.0&Prime; _module_preset=\u00a0\u00bb8cd20326-c215-456d-8609-cf9e11dad194&Prime; text_font=\u00a0\u00bbAllRoundGothic-Normal||||||||\u00a0\u00bb text_text_color=\u00a0\u00bb#1D1D1D\u00a0\u00bb text_font_size=\u00a0\u00bb16px\u00a0\u00bb custom_margin=\u00a0\u00bb||30px||false|false\u00a0\u00bb hover_enabled=\u00a0\u00bb0&Prime; global_colors_info=\u00a0\u00bb{}\u00a0\u00bb theme_builder_area=\u00a0\u00bbpost_content\u00a0\u00bb custom_padding=\u00a0\u00bb1px|||||\u00a0\u00bb sticky_enabled=\u00a0\u00bb0&Prime;]<\/p>\n<p>Depuis le 25 mai 2018, le nouveau r\u00e8glement g\u00e9n\u00e9ral sur la protection des donn\u00e9es, \u00e9galement connu sous le nom de RGPD, est entr\u00e9 en vigueur. La protection de votre vie priv\u00e9e et de vos donn\u00e9es personnelles est au c\u0153ur de nos pr\u00e9occupations, et c\u2019est pour \u00e7a que nous avons mis en place les mesures n\u00e9cessaires afin de garantir le respect de la vie priv\u00e9e de nos utilisateurs.<\/p>\n<p>En utilisant notre site, vous consentez \u00e0 notre politique de confidentialit\u00e9, d\u00e9crite ci-dessous.<\/p>\n<p>[\/et_pb_text][et_pb_text _builder_version=\u00a0\u00bb4.27.0&Prime; _module_preset=\u00a0\u00bb8cd20326-c215-456d-8609-cf9e11dad194&Prime; text_font=\u00a0\u00bbAllRoundGothic-Normal||||||||\u00a0\u00bb text_text_color=\u00a0\u00bb#1D1D1D\u00a0\u00bb text_font_size=\u00a0\u00bb16px\u00a0\u00bb custom_margin=\u00a0\u00bb||30px||false|false\u00a0\u00bb hover_enabled=\u00a0\u00bb0&Prime; global_colors_info=\u00a0\u00bb{}\u00a0\u00bb theme_builder_area=\u00a0\u00bbpost_content\u00a0\u00bb sticky_enabled=\u00a0\u00bb0&Prime;]<\/p>\n<h3>1. Collecte de l\u2019information<\/h3>\n<p>Nous recueillons des informations lorsque vous vous inscrivez sur notre site, lorsque vous vous connectez \u00e0 votre compte, faites un achat, participez \u00e0 un concours, enregistrez votre v\u00e9lo et\/ou vous vous d\u00e9connectez. Les informations recueillies incluent votre nom, votre adresse postale et adresse \u00e9lectronique, num\u00e9ro de t\u00e9l\u00e9phone, et \/ ou carte de cr\u00e9dit et\/ou coordonn\u00e9es de votre magasin de v\u00e9lo et\/ou mod\u00e8le, num\u00e9ro de s\u00e9rie, num\u00e9ro de s\u00e9rie batterie de votre v\u00e9lo et sa date d\u2019achat.<\/p>\n<p>En outre, nous recevons et enregistrons automatiquement des informations \u00e0 partir de votre ordinateur et navigateur, y compris votre adresse IP, \u00e2ge et sexe (si votre navigateur dispose de ces informations), type d\u2019appareil et la page que vous demandez.<\/p>\n<p>En fournissant ces informations, vous acceptez express\u00e9ment qu\u2019elles soient trait\u00e9es par Vefaa, afin d\u2019assurer la qualit\u00e9 de nos services, notamment la bonne application de la garantie fabricant.<\/p>\n<p>[\/et_pb_text][et_pb_text _builder_version=\u00a0\u00bb4.27.0&Prime; _module_preset=\u00a0\u00bb8cd20326-c215-456d-8609-cf9e11dad194&Prime; text_font=\u00a0\u00bbAllRoundGothic-Normal||||||||\u00a0\u00bb text_text_color=\u00a0\u00bb#1D1D1D\u00a0\u00bb text_font_size=\u00a0\u00bb16px\u00a0\u00bb link_text_color=\u00a0\u00bb#253746&Prime; custom_margin=\u00a0\u00bb||30px||false|false\u00a0\u00bb hover_enabled=\u00a0\u00bb0&Prime; global_colors_info=\u00a0\u00bb{}\u00a0\u00bb theme_builder_area=\u00a0\u00bbpost_content\u00a0\u00bb sticky_enabled=\u00a0\u00bb0&Prime;]<\/p>\n<h3>2. Responsable de la collecte et du traitement<\/h3>\n<p>Tout traitement des informations personnelles communiqu\u00e9es \u00e0 Vefaa est effectu\u00e9 sous la responsabilit\u00e9 la soci\u00e9t\u00e9 VEFAA SAS, 43 RUE JEAN JAURES 69100 VILLEURBANNE, N\u00b0 SIRET 95098986300010.<\/p>\n<p>[\/et_pb_text][et_pb_text _builder_version=\u00a0\u00bb4.27.0&Prime; _module_preset=\u00a0\u00bb8cd20326-c215-456d-8609-cf9e11dad194&Prime; text_font=\u00a0\u00bbAllRoundGothic-Normal||||||||\u00a0\u00bb text_text_color=\u00a0\u00bb#1D1D1D\u00a0\u00bb text_font_size=\u00a0\u00bb16px\u00a0\u00bb link_text_color=\u00a0\u00bb#253746&Prime; custom_margin=\u00a0\u00bb||30px||false|false\u00a0\u00bb hover_enabled=\u00a0\u00bb0&Prime; global_colors_info=\u00a0\u00bb{}\u00a0\u00bb theme_builder_area=\u00a0\u00bbpost_content\u00a0\u00bb sticky_enabled=\u00a0\u00bb0&Prime;]<\/p>\n<h3>3. Utilisation des informations<\/h3>\n<p>Toutes les informations que nous recueillons aupr\u00e8s de vous peuvent \u00eatre utilis\u00e9es pour :<\/p>\n<ul>\n<li><span><\/span>Personnaliser votre exp\u00e9rience et r\u00e9pondre \u00e0 vos besoins individuels ;<\/li>\n<li><span><\/span>Pouvoir g\u00e9rer vos demandes de garantie \u00e0 la suite de l\u2019enregistrement de votre v\u00e9lo sur notre site internet ;<\/li>\n<li><span><\/span>Fournir un contenu publicitaire personnalis\u00e9 ;<\/li>\n<li><span><\/span>Am\u00e9liorer notre site (par le biais de cookies) ;<\/li>\n<li><span><\/span>Am\u00e9liorer le service client et vos besoins de prise en charge ;<\/li>\n<li><span><\/span>Vous contacter par mail, sms ou t\u00e9l\u00e9phone ;<\/li>\n<li><span><\/span>Administrer un concours, une promotion, ou une enqu\u00eate.<\/li>\n<\/ul>\n<p>[\/et_pb_text][et_pb_text _builder_version=\u00a0\u00bb4.27.0&Prime; _module_preset=\u00a0\u00bb8cd20326-c215-456d-8609-cf9e11dad194&Prime; text_font=\u00a0\u00bbAllRoundGothic-Normal||||||||\u00a0\u00bb text_text_color=\u00a0\u00bb#1D1D1D\u00a0\u00bb text_font_size=\u00a0\u00bb16px\u00a0\u00bb link_text_color=\u00a0\u00bb#253746&Prime; custom_margin=\u00a0\u00bb||30px||false|false\u00a0\u00bb hover_enabled=\u00a0\u00bb0&Prime; global_colors_info=\u00a0\u00bb{}\u00a0\u00bb theme_builder_area=\u00a0\u00bbpost_content\u00a0\u00bb sticky_enabled=\u00a0\u00bb0&Prime;]<\/p>\n<h3>4. Confidentialit\u00e9 du commerce en ligne<\/h3>\n<p>Nous sommes les seuls propri\u00e9taires des informations recueillies sur ce site. Vos informations personnelles ne seront pas vendues, \u00e9chang\u00e9es, transf\u00e9r\u00e9es, ou donn\u00e9es \u00e0 une autre soci\u00e9t\u00e9 pour n\u2019importe quelle raison, sans votre consentement, en dehors de ce qui est n\u00e9cessaire pour r\u00e9pondre \u00e0 une demande et \/ ou une transaction, comme par exemple pour exp\u00e9dier une commande.<\/p>\n<p>[\/et_pb_text][et_pb_text _builder_version=\u00a0\u00bb4.27.0&Prime; _module_preset=\u00a0\u00bb8cd20326-c215-456d-8609-cf9e11dad194&Prime; text_font=\u00a0\u00bbAllRoundGothic-Normal||||||||\u00a0\u00bb text_text_color=\u00a0\u00bb#1D1D1D\u00a0\u00bb text_font_size=\u00a0\u00bb16px\u00a0\u00bb link_text_color=\u00a0\u00bb#253746&Prime; custom_margin=\u00a0\u00bb||30px||false|false\u00a0\u00bb hover_enabled=\u00a0\u00bb0&Prime; global_colors_info=\u00a0\u00bb{}\u00a0\u00bb theme_builder_area=\u00a0\u00bbpost_content\u00a0\u00bb sticky_enabled=\u00a0\u00bb0&Prime;]<\/p>\n<h3>5. Divulgation \u00e0 des tiers<\/h3>\n<p>Nous ne vendons, n\u2019\u00e9changeons et ne transf\u00e9rons pas vos informations personnelles identifiables \u00e0 des tiers. Cela ne comprend pas les tierce parties de confiance qui nous aident \u00e0 exploiter notre site Web ou \u00e0 mener nos affaires, tant que ces parties conviennent de garder ces informations confidentielles.<\/p>\n<p>Nous pensons qu\u2019il est n\u00e9cessaire de partager des informations afin d\u2019enqu\u00eater, de pr\u00e9venir ou de prendre des mesures concernant des activit\u00e9s ill\u00e9gales, fraudes pr\u00e9sum\u00e9es, situations impliquant des menaces potentielles \u00e0 la s\u00e9curit\u00e9 physique de toute personne, violations de nos conditions d\u2019utilisation, ou quand la loi nous y contraint.<\/p>\n<p>Les informations non-priv\u00e9es, cependant, peuvent \u00eatre fournies \u00e0 d\u2019autres parties pour le marketing, la publicit\u00e9, ou d\u2019autres utilisations.<\/p>\n<p>[\/et_pb_text][et_pb_text _builder_version=\u00a0\u00bb4.27.0&Prime; _module_preset=\u00a0\u00bb8cd20326-c215-456d-8609-cf9e11dad194&Prime; text_font=\u00a0\u00bbAllRoundGothic-Normal||||||||\u00a0\u00bb text_text_color=\u00a0\u00bb#1D1D1D\u00a0\u00bb text_font_size=\u00a0\u00bb16px\u00a0\u00bb link_text_color=\u00a0\u00bb#253746&Prime; custom_margin=\u00a0\u00bb||30px||false|false\u00a0\u00bb hover_enabled=\u00a0\u00bb0&Prime; global_colors_info=\u00a0\u00bb{}\u00a0\u00bb theme_builder_area=\u00a0\u00bbpost_content\u00a0\u00bb sticky_enabled=\u00a0\u00bb0&Prime;]<\/p>\n<h3>6. Protection des informations<\/h3>\n<p>Nous mettons en \u0153uvre une vari\u00e9t\u00e9 de mesures de s\u00e9curit\u00e9 pour pr\u00e9server la s\u00e9curit\u00e9 de vos informations personnelles. Nous utilisons un cryptage \u00e0 la pointe de la technologie pour prot\u00e9ger les informations sensibles transmises en ligne. Nous prot\u00e9geons \u00e9galement vos informations hors ligne. Seuls les employ\u00e9s qui ont besoin d\u2019effectuer un travail sp\u00e9cifique (par exemple, la facturation ou le service \u00e0 la client\u00e8le) ont acc\u00e8s aux informations personnelles identifiables. Les ordinateurs et serveurs utilis\u00e9s pour stocker des informations personnelles identifiables sont conserv\u00e9s dans un environnement s\u00e9curis\u00e9.<\/p>\n<p>[\/et_pb_text][et_pb_text _builder_version=\u00a0\u00bb4.27.0&Prime; _module_preset=\u00a0\u00bb8cd20326-c215-456d-8609-cf9e11dad194&Prime; text_font=\u00a0\u00bbAllRoundGothic-Normal||||||||\u00a0\u00bb text_text_color=\u00a0\u00bb#1D1D1D\u00a0\u00bb text_font_size=\u00a0\u00bb16px\u00a0\u00bb link_text_color=\u00a0\u00bb#253746&Prime; custom_margin=\u00a0\u00bb||30px||false|false\u00a0\u00bb hover_enabled=\u00a0\u00bb0&Prime; global_colors_info=\u00a0\u00bb{}\u00a0\u00bb theme_builder_area=\u00a0\u00bbpost_content\u00a0\u00bb sticky_enabled=\u00a0\u00bb0&Prime;]<\/p>\n<h3>7. Dur\u00e9e de conservation<\/h3>\n<p>Vos Informations Personnelles sont conserv\u00e9es uniquement pour le temps correspondant aux fins indiqu\u00e9es en clause 3 et qui ne devrait en tout \u00e9tat de cause exc\u00e9der 4 ans.<span class=\"Apple-converted-space\">\u00a0<\/span><\/p>\n<p>[\/et_pb_text][et_pb_text _builder_version=\u00a0\u00bb4.27.0&Prime; _module_preset=\u00a0\u00bb8cd20326-c215-456d-8609-cf9e11dad194&Prime; text_font=\u00a0\u00bbAllRoundGothic-Normal||||||||\u00a0\u00bb text_text_color=\u00a0\u00bb#1D1D1D\u00a0\u00bb text_font_size=\u00a0\u00bb16px\u00a0\u00bb link_text_color=\u00a0\u00bb#253746&Prime; custom_margin=\u00a0\u00bb||30px||false|false\u00a0\u00bb hover_enabled=\u00a0\u00bb0&Prime; global_colors_info=\u00a0\u00bb{}\u00a0\u00bb theme_builder_area=\u00a0\u00bbpost_content\u00a0\u00bb sticky_enabled=\u00a0\u00bb0&Prime;]<\/p>\n<h3>8. Vos droits au regard de la loi informatique et libert\u00e9s et du r\u00e8glement g\u00e9n\u00e9ral de protection des donn\u00e9es<\/h3>\n<p>Conform\u00e9ment \u00e0 la Loi Informatique et Libert\u00e9 n\u00b0 78-17 du 6 janvier 1978 modifi\u00e9e et au R\u00e8glement (UE) g\u00e9n\u00e9ral sur la protection des donn\u00e9es, vous pouvez acc\u00e9der et obtenir copie des donn\u00e9es vous concernant, vous opposer au traitement de ces donn\u00e9es, les faire rectifier ou les faire effacer. Il vous suffit d\u2019\u00e9crire par courrier \u00e0 l\u2019adresse suivante :<\/p>\n<p>Vefaa Bike<span class=\"Apple-converted-space\">\u00a0<\/span><\/p>\n<p>40 Rue Decomberousse<\/p>\n<p>69100 Villeurbanne France<span class=\"Apple-converted-space\">\u00a0<\/span><\/p>\n<p>Conform\u00e9ment \u00e0 la r\u00e9glementation en vigueur, votre demande doit \u00eatre sign\u00e9e et accompagn\u00e9e de la photocopie d\u2019un titre d\u2019identit\u00e9 portant votre signature et pr\u00e9ciser l\u2019adresse \u00e0 laquelle doit vous parvenir la r\u00e9ponse. Une r\u00e9ponse vous sera alors adress\u00e9e dans un d\u00e9lai d\u2019un mois suivant la r\u00e9ception de la demande. Enfin, les utilisateurs du site internet Vefaa.bike peuvent d\u00e9poser une r\u00e9clamation aupr\u00e8s des autorit\u00e9s de contr\u00f4le, et notamment de la CNIL ( <a href=\"https:\/\/www.cnil.fr\/fr\/plaintes\">https:\/\/www.cnil.fr\/fr\/plaintes<\/a> ).<\/p>\n<p>[\/et_pb_text][et_pb_text _builder_version=\u00a0\u00bb4.27.0&Prime; _module_preset=\u00a0\u00bb8cd20326-c215-456d-8609-cf9e11dad194&Prime; text_font=\u00a0\u00bbAllRoundGothic-Normal||||||||\u00a0\u00bb text_text_color=\u00a0\u00bb#1D1D1D\u00a0\u00bb text_font_size=\u00a0\u00bb16px\u00a0\u00bb link_text_color=\u00a0\u00bb#253746&Prime; custom_margin=\u00a0\u00bb||30px||false|false\u00a0\u00bb hover_enabled=\u00a0\u00bb0&Prime; global_colors_info=\u00a0\u00bb{}\u00a0\u00bb theme_builder_area=\u00a0\u00bbpost_content\u00a0\u00bb sticky_enabled=\u00a0\u00bb0&Prime;]<\/p>\n<h3>9. Se d\u00e9sabonner<\/h3>\n<p>Nous utilisons l\u2019adresse \u00e9lectronique que vous fournissez pour vous envoyer des informations et mises \u00e0 jour relatives \u00e0 votre commande, des nouvelles de l\u2019entreprise de fa\u00e7on occasionnelle, des informations sur des produits li\u00e9s, etc. Si \u00e0 n\u2019importe quel moment vous souhaitez vous d\u00e9sinscrire et ne plus recevoir de courriels, des instructions de d\u00e9sabonnement d\u00e9taill\u00e9es sont incluses en bas de chaque e-mail.<\/p>\n<p>[\/et_pb_text][et_pb_text _builder_version=\u00a0\u00bb4.27.0&Prime; _module_preset=\u00a0\u00bb8cd20326-c215-456d-8609-cf9e11dad194&Prime; text_font=\u00a0\u00bbAllRoundGothic-Normal||||||||\u00a0\u00bb text_text_color=\u00a0\u00bb#1D1D1D\u00a0\u00bb text_font_size=\u00a0\u00bb16px\u00a0\u00bb link_text_color=\u00a0\u00bb#253746&Prime; custom_margin=\u00a0\u00bb||30px||false|false\u00a0\u00bb hover_enabled=\u00a0\u00bb0&Prime; global_colors_info=\u00a0\u00bb{}\u00a0\u00bb theme_builder_area=\u00a0\u00bbpost_content\u00a0\u00bb sticky_enabled=\u00a0\u00bb0&Prime;]<\/p>\n<h3>10. Cookies<\/h3>\n<p>Nous utilisons des cookies et des technologies similaires, telles que les tags et pixels (\u00ab cookies \u00bb), qui am\u00e9liorent l\u2019acc\u00e8s \u00e0 notre site et identifient les visiteurs r\u00e9guliers. En outre, nos cookies am\u00e9liorent l\u2019exp\u00e9rience d\u2019utilisateur gr\u00e2ce au suivi et au ciblage de ses int\u00e9r\u00eats.<\/p>\n<p>Cependant, cette utilisation des cookies n\u2019est en aucune fa\u00e7on li\u00e9e \u00e0 des informations personnelles identifiables sur notre site. Et nous n\u2019archivons aucune donn\u00e9e nominative ou sensible comme les donn\u00e9es bancaires dans les cookies.<\/p>\n<p>Pour commander des produits sur notre site vous devez autoriser les cookies sur votre appareil (ordinateur, tablette ou t\u00e9l\u00e9phone mobile). Nous utilisons \u00e9galement les cookies pour nous aider \u00e0 mettre des banni\u00e8res publicitaires sur d\u2019autres sites et qui afficheront des produits pertinents que vous avez d\u00e9j\u00e0 vu lorsque vous avez navigu\u00e9 pr\u00e9c\u00e9demment sur notre site.<\/p>\n<p>Vous pouvez d\u00e9sactiver les cookies si vous pr\u00e9f\u00e9rez : pour cela veuillez consulter la rubrique \u00ab Param\u00e8tres \u00bb de votre navigateur.<\/p>\n<p>[\/et_pb_text][\/et_pb_column][\/et_pb_row][\/et_pb_section]<\/p>\n","protected":false},"excerpt":{"rendered":"<p>CONFIDENTIALIT\u00c9 &amp; CookiesDepuis le 25 mai 2018, le nouveau r\u00e8glement g\u00e9n\u00e9ral sur la protection des donn\u00e9es, \u00e9galement connu sous le nom de RGPD, est entr\u00e9 en vigueur. La protection de votre vie priv\u00e9e et de vos donn\u00e9es personnelles est au c\u0153ur de nos pr\u00e9occupations, et c\u2019est pour \u00e7a que nous avons mis en place les [&hellip;]<\/p>\n","protected":false},"author":1,"featured_media":0,"parent":0,"menu_order":0,"comment_status":"closed","ping_status":"closed","template":"","meta":{"_et_pb_use_builder":"on","_et_pb_old_content":"","_et_gb_content_width":"","inline_featured_image":false,"footnotes":""},"class_list":["post-2658","page","type-page","status-publish","hentry"],"yoast_head":"<!-- This site is optimized with the Yoast SEO plugin v27.5 - https:\/\/yoast.com\/product\/yoast-seo-wordpress\/ -->\n<title>Confidentialit\u00e9 cookies - VEFAA<\/title>\n<meta name=\"robots\" content=\"index, follow, max-snippet:-1, max-image-preview:large, max-video-preview:-1\" \/>\n<link rel=\"canonical\" href=\"https:\/\/vefaa.bike\/en\/confidentialite-cookies\/\" \/>\n<meta property=\"og:locale\" content=\"en_GB\" \/>\n<meta property=\"og:type\" content=\"article\" \/>\n<meta property=\"og:title\" content=\"Confidentialit\u00e9 cookies - VEFAA\" \/>\n<meta property=\"og:description\" content=\"CONFIDENTIALIT\u00c9 &amp; CookiesDepuis le 25 mai 2018, le nouveau r\u00e8glement g\u00e9n\u00e9ral sur la protection des donn\u00e9es, \u00e9galement connu sous le nom de RGPD, est entr\u00e9 en vigueur. La protection de votre vie priv\u00e9e et de vos donn\u00e9es personnelles est au c\u0153ur de nos pr\u00e9occupations, et c\u2019est pour \u00e7a que nous avons mis en place les [&hellip;]\" \/>\n<meta property=\"og:url\" content=\"https:\/\/vefaa.bike\/en\/confidentialite-cookies\/\" \/>\n<meta property=\"og:site_name\" content=\"VEFAA\" \/>\n<meta property=\"article:modified_time\" content=\"2024-09-25T09:17:51+00:00\" \/>\n<meta name=\"twitter:card\" content=\"summary_large_image\" \/>\n<script type=\"application\/ld+json\" class=\"yoast-schema-graph\">{\"@context\":\"https:\\\/\\\/schema.org\",\"@graph\":[{\"@type\":\"WebPage\",\"@id\":\"https:\\\/\\\/vefaa.bike\\\/confidentialite-cookies\\\/\",\"url\":\"https:\\\/\\\/vefaa.bike\\\/confidentialite-cookies\\\/\",\"name\":\"Confidentialit\u00e9 cookies - VEFAA\",\"isPartOf\":{\"@id\":\"https:\\\/\\\/vefaa.bike\\\/#website\"},\"datePublished\":\"2024-09-25T09:17:04+00:00\",\"dateModified\":\"2024-09-25T09:17:51+00:00\",\"breadcrumb\":{\"@id\":\"https:\\\/\\\/vefaa.bike\\\/confidentialite-cookies\\\/#breadcrumb\"},\"inLanguage\":\"en-GB\",\"potentialAction\":[{\"@type\":\"ReadAction\",\"target\":[\"https:\\\/\\\/vefaa.bike\\\/confidentialite-cookies\\\/\"]}]},{\"@type\":\"BreadcrumbList\",\"@id\":\"https:\\\/\\\/vefaa.bike\\\/confidentialite-cookies\\\/#breadcrumb\",\"itemListElement\":[{\"@type\":\"ListItem\",\"position\":1,\"name\":\"Accueil\",\"item\":\"https:\\\/\\\/vefaa.bike\\\/\"},{\"@type\":\"ListItem\",\"position\":2,\"name\":\"Confidentialit\u00e9 cookies\"}]},{\"@type\":\"WebSite\",\"@id\":\"https:\\\/\\\/vefaa.bike\\\/#website\",\"url\":\"https:\\\/\\\/vefaa.bike\\\/\",\"name\":\"Vefaa\",\"description\":\"Se mettre au v\u00e9lo n\u2019aura jamais \u00e9t\u00e9 aussi facile\",\"publisher\":{\"@id\":\"https:\\\/\\\/vefaa.bike\\\/#organization\"},\"potentialAction\":[{\"@type\":\"SearchAction\",\"target\":{\"@type\":\"EntryPoint\",\"urlTemplate\":\"https:\\\/\\\/vefaa.bike\\\/?s={search_term_string}\"},\"query-input\":{\"@type\":\"PropertyValueSpecification\",\"valueRequired\":true,\"valueName\":\"search_term_string\"}}],\"inLanguage\":\"en-GB\"},{\"@type\":\"Organization\",\"@id\":\"https:\\\/\\\/vefaa.bike\\\/#organization\",\"name\":\"Vefaa\",\"url\":\"https:\\\/\\\/vefaa.bike\\\/\",\"logo\":{\"@type\":\"ImageObject\",\"inLanguage\":\"en-GB\",\"@id\":\"https:\\\/\\\/vefaa.bike\\\/#\\\/schema\\\/logo\\\/image\\\/\",\"url\":\"http:\\\/\\\/mfdcovo.cluster028.hosting.ovh.net\\\/wp-content\\\/uploads\\\/2023\\\/11\\\/Logo-Vefaa.png\",\"contentUrl\":\"http:\\\/\\\/mfdcovo.cluster028.hosting.ovh.net\\\/wp-content\\\/uploads\\\/2023\\\/11\\\/Logo-Vefaa.png\",\"width\":750,\"height\":299,\"caption\":\"Vefaa\"},\"image\":{\"@id\":\"https:\\\/\\\/vefaa.bike\\\/#\\\/schema\\\/logo\\\/image\\\/\"},\"sameAs\":[\"https:\\\/\\\/www.linkedin.com\\\/company\\\/vefaa\\\/\"]}]}<\/script>\n<!-- \/ Yoast SEO plugin. -->","yoast_head_json":{"title":"Confidentialit\u00e9 cookies - VEFAA","robots":{"index":"index","follow":"follow","max-snippet":"max-snippet:-1","max-image-preview":"max-image-preview:large","max-video-preview":"max-video-preview:-1"},"canonical":"https:\/\/vefaa.bike\/en\/confidentialite-cookies\/","og_locale":"en_GB","og_type":"article","og_title":"Confidentialit\u00e9 cookies - VEFAA","og_description":"CONFIDENTIALIT\u00c9 &amp; CookiesDepuis le 25 mai 2018, le nouveau r\u00e8glement g\u00e9n\u00e9ral sur la protection des donn\u00e9es, \u00e9galement connu sous le nom de RGPD, est entr\u00e9 en vigueur. La protection de votre vie priv\u00e9e et de vos donn\u00e9es personnelles est au c\u0153ur de nos pr\u00e9occupations, et c\u2019est pour \u00e7a que nous avons mis en place les [&hellip;]","og_url":"https:\/\/vefaa.bike\/en\/confidentialite-cookies\/","og_site_name":"VEFAA","article_modified_time":"2024-09-25T09:17:51+00:00","twitter_card":"summary_large_image","schema":{"@context":"https:\/\/schema.org","@graph":[{"@type":"WebPage","@id":"https:\/\/vefaa.bike\/confidentialite-cookies\/","url":"https:\/\/vefaa.bike\/confidentialite-cookies\/","name":"Confidentialit\u00e9 cookies - VEFAA","isPartOf":{"@id":"https:\/\/vefaa.bike\/#website"},"datePublished":"2024-09-25T09:17:04+00:00","dateModified":"2024-09-25T09:17:51+00:00","breadcrumb":{"@id":"https:\/\/vefaa.bike\/confidentialite-cookies\/#breadcrumb"},"inLanguage":"en-GB","potentialAction":[{"@type":"ReadAction","target":["https:\/\/vefaa.bike\/confidentialite-cookies\/"]}]},{"@type":"BreadcrumbList","@id":"https:\/\/vefaa.bike\/confidentialite-cookies\/#breadcrumb","itemListElement":[{"@type":"ListItem","position":1,"name":"Accueil","item":"https:\/\/vefaa.bike\/"},{"@type":"ListItem","position":2,"name":"Confidentialit\u00e9 cookies"}]},{"@type":"WebSite","@id":"https:\/\/vefaa.bike\/#website","url":"https:\/\/vefaa.bike\/","name":"Vefaa","description":"Se mettre au v\u00e9lo n\u2019aura jamais \u00e9t\u00e9 aussi facile","publisher":{"@id":"https:\/\/vefaa.bike\/#organization"},"potentialAction":[{"@type":"SearchAction","target":{"@type":"EntryPoint","urlTemplate":"https:\/\/vefaa.bike\/?s={search_term_string}"},"query-input":{"@type":"PropertyValueSpecification","valueRequired":true,"valueName":"search_term_string"}}],"inLanguage":"en-GB"},{"@type":"Organization","@id":"https:\/\/vefaa.bike\/#organization","name":"Vefaa","url":"https:\/\/vefaa.bike\/","logo":{"@type":"ImageObject","inLanguage":"en-GB","@id":"https:\/\/vefaa.bike\/#\/schema\/logo\/image\/","url":"http:\/\/mfdcovo.cluster028.hosting.ovh.net\/wp-content\/uploads\/2023\/11\/Logo-Vefaa.png","contentUrl":"http:\/\/mfdcovo.cluster028.hosting.ovh.net\/wp-content\/uploads\/2023\/11\/Logo-Vefaa.png","width":750,"height":299,"caption":"Vefaa"},"image":{"@id":"https:\/\/vefaa.bike\/#\/schema\/logo\/image\/"},"sameAs":["https:\/\/www.linkedin.com\/company\/vefaa\/"]}]}},"_links":{"self":[{"href":"https:\/\/vefaa.bike\/en\/wp-json\/wp\/v2\/pages\/2658","targetHints":{"allow":["GET"]}}],"collection":[{"href":"https:\/\/vefaa.bike\/en\/wp-json\/wp\/v2\/pages"}],"about":[{"href":"https:\/\/vefaa.bike\/en\/wp-json\/wp\/v2\/types\/page"}],"author":[{"embeddable":true,"href":"https:\/\/vefaa.bike\/en\/wp-json\/wp\/v2\/users\/1"}],"replies":[{"embeddable":true,"href":"https:\/\/vefaa.bike\/en\/wp-json\/wp\/v2\/comments?post=2658"}],"version-history":[{"count":3,"href":"https:\/\/vefaa.bike\/en\/wp-json\/wp\/v2\/pages\/2658\/revisions"}],"predecessor-version":[{"id":2663,"href":"https:\/\/vefaa.bike\/en\/wp-json\/wp\/v2\/pages\/2658\/revisions\/2663"}],"wp:attachment":[{"href":"https:\/\/vefaa.bike\/en\/wp-json\/wp\/v2\/media?parent=2658"}],"curies":[{"name":"wp","href":"https:\/\/api.w.org\/{rel}","templated":true}]}}