{"id":4463,"date":"2025-10-08T14:13:50","date_gmt":"2025-10-08T12:13:50","guid":{"rendered":"https:\/\/vefaa.bike\/?post_type=product&#038;p=4463"},"modified":"2025-10-09T09:15:11","modified_gmt":"2025-10-09T07:15:11","slug":"marquage-velo-2","status":"publish","type":"product","link":"https:\/\/vefaa.bike\/en\/product\/marquage-velo-2\/","title":{"rendered":"Marquage v\u00e9lo &#8211; Offert"},"content":{"rendered":"<p>Marquage d&rsquo;identification inalt\u00e9rable de votre v\u00e9lo, obligatoire depuis le d\u00e9cret n\u00b02020-1439 du 23\/11\/2020 relatif \u00e0 l\u2019identification des cycles<\/p>","protected":false},"excerpt":{"rendered":"<p>Marquage d&rsquo;identification inalt\u00e9rable de votre v\u00e9lo, obligatoire depuis le d\u00e9cret n\u00b02020-1439 du 23\/11\/2020 relatif \u00e0 l\u2019identification des cycles<\/p>","protected":false},"featured_media":0,"template":"","meta":{"_et_pb_use_builder":"","_et_pb_old_content":"","_et_gb_content_width":"","inline_featured_image":false},"product_brand":[],"product_cat":[51],"product_tag":[],"class_list":{"0":"post-4463","1":"product","2":"type-product","3":"status-publish","5":"product_cat-frais-obligatoires","7":"first","8":"instock","9":"virtual","10":"purchasable","11":"product-type-simple"},"yoast_head":"<!-- This site is optimized with the Yoast SEO plugin v27.5 - https:\/\/yoast.com\/product\/yoast-seo-wordpress\/ -->\n<title>Marquage v\u00e9lo - Offert - VEFAA<\/title>\n<meta name=\"robots\" content=\"index, follow, max-snippet:-1, max-image-preview:large, max-video-preview:-1\" \/>\n<link rel=\"canonical\" href=\"https:\/\/vefaa.bike\/en\/product\/marquage-velo-2\/\" \/>\n<meta property=\"og:locale\" content=\"en_GB\" \/>\n<meta property=\"og:type\" content=\"article\" \/>\n<meta property=\"og:title\" content=\"Marquage v\u00e9lo - Offert - VEFAA\" \/>\n<meta property=\"og:description\" content=\"Marquage d&rsquo;identification inalt\u00e9rable de votre v\u00e9lo, obligatoire depuis le d\u00e9cret n\u00b02020-1439 du 23\/11\/2020 relatif \u00e0 l\u2019identification des cycles\" \/>\n<meta property=\"og:url\" content=\"https:\/\/vefaa.bike\/en\/product\/marquage-velo-2\/\" \/>\n<meta property=\"og:site_name\" content=\"VEFAA\" \/>\n<meta property=\"article:modified_time\" content=\"2025-10-09T07:15:11+00:00\" \/>\n<meta name=\"twitter:card\" content=\"summary_large_image\" \/>\n<meta name=\"twitter:label1\" content=\"Estimated reading time\" \/>\n\t<meta name=\"twitter:data1\" content=\"1 minute\" \/>\n<script type=\"application\/ld+json\" class=\"yoast-schema-graph\">{\"@context\":\"https:\\\/\\\/schema.org\",\"@graph\":[{\"@type\":\"WebPage\",\"@id\":\"https:\\\/\\\/vefaa.bike\\\/produit\\\/marquage-velo-2\\\/\",\"url\":\"https:\\\/\\\/vefaa.bike\\\/produit\\\/marquage-velo-2\\\/\",\"name\":\"Marquage v\u00e9lo - Offert - VEFAA\",\"isPartOf\":{\"@id\":\"https:\\\/\\\/vefaa.bike\\\/#website\"},\"datePublished\":\"2025-10-08T12:13:50+00:00\",\"dateModified\":\"2025-10-09T07:15:11+00:00\",\"breadcrumb\":{\"@id\":\"https:\\\/\\\/vefaa.bike\\\/produit\\\/marquage-velo-2\\\/#breadcrumb\"},\"inLanguage\":\"en-GB\",\"potentialAction\":[{\"@type\":\"ReadAction\",\"target\":[\"https:\\\/\\\/vefaa.bike\\\/produit\\\/marquage-velo-2\\\/\"]}]},{\"@type\":\"BreadcrumbList\",\"@id\":\"https:\\\/\\\/vefaa.bike\\\/produit\\\/marquage-velo-2\\\/#breadcrumb\",\"itemListElement\":[{\"@type\":\"ListItem\",\"position\":1,\"name\":\"Accueil\",\"item\":\"https:\\\/\\\/vefaa.bike\\\/\"},{\"@type\":\"ListItem\",\"position\":2,\"name\":\"Boutique\",\"item\":\"https:\\\/\\\/vefaa.bike\\\/boutique\\\/\"},{\"@type\":\"ListItem\",\"position\":3,\"name\":\"Marquage v\u00e9lo &#8211; Offert\"}]},{\"@type\":\"WebSite\",\"@id\":\"https:\\\/\\\/vefaa.bike\\\/#website\",\"url\":\"https:\\\/\\\/vefaa.bike\\\/\",\"name\":\"Vefaa\",\"description\":\"Se mettre au v\u00e9lo n\u2019aura jamais \u00e9t\u00e9 aussi facile\",\"publisher\":{\"@id\":\"https:\\\/\\\/vefaa.bike\\\/#organization\"},\"potentialAction\":[{\"@type\":\"SearchAction\",\"target\":{\"@type\":\"EntryPoint\",\"urlTemplate\":\"https:\\\/\\\/vefaa.bike\\\/?s={search_term_string}\"},\"query-input\":{\"@type\":\"PropertyValueSpecification\",\"valueRequired\":true,\"valueName\":\"search_term_string\"}}],\"inLanguage\":\"en-GB\"},{\"@type\":\"Organization\",\"@id\":\"https:\\\/\\\/vefaa.bike\\\/#organization\",\"name\":\"Vefaa\",\"url\":\"https:\\\/\\\/vefaa.bike\\\/\",\"logo\":{\"@type\":\"ImageObject\",\"inLanguage\":\"en-GB\",\"@id\":\"https:\\\/\\\/vefaa.bike\\\/#\\\/schema\\\/logo\\\/image\\\/\",\"url\":\"http:\\\/\\\/mfdcovo.cluster028.hosting.ovh.net\\\/wp-content\\\/uploads\\\/2023\\\/11\\\/Logo-Vefaa.png\",\"contentUrl\":\"http:\\\/\\\/mfdcovo.cluster028.hosting.ovh.net\\\/wp-content\\\/uploads\\\/2023\\\/11\\\/Logo-Vefaa.png\",\"width\":750,\"height\":299,\"caption\":\"Vefaa\"},\"image\":{\"@id\":\"https:\\\/\\\/vefaa.bike\\\/#\\\/schema\\\/logo\\\/image\\\/\"},\"sameAs\":[\"https:\\\/\\\/www.linkedin.com\\\/company\\\/vefaa\\\/\"]}]}<\/script>\n<!-- \/ Yoast SEO plugin. -->","yoast_head_json":{"title":"Marquage v\u00e9lo - Offert - VEFAA","robots":{"index":"index","follow":"follow","max-snippet":"max-snippet:-1","max-image-preview":"max-image-preview:large","max-video-preview":"max-video-preview:-1"},"canonical":"https:\/\/vefaa.bike\/en\/product\/marquage-velo-2\/","og_locale":"en_GB","og_type":"article","og_title":"Marquage v\u00e9lo - Offert - VEFAA","og_description":"Marquage d&rsquo;identification inalt\u00e9rable de votre v\u00e9lo, obligatoire depuis le d\u00e9cret n\u00b02020-1439 du 23\/11\/2020 relatif \u00e0 l\u2019identification des cycles","og_url":"https:\/\/vefaa.bike\/en\/product\/marquage-velo-2\/","og_site_name":"VEFAA","article_modified_time":"2025-10-09T07:15:11+00:00","twitter_card":"summary_large_image","twitter_misc":{"Estimated reading time":"1 minute"},"schema":{"@context":"https:\/\/schema.org","@graph":[{"@type":"WebPage","@id":"https:\/\/vefaa.bike\/produit\/marquage-velo-2\/","url":"https:\/\/vefaa.bike\/produit\/marquage-velo-2\/","name":"Marquage v\u00e9lo - Offert - VEFAA","isPartOf":{"@id":"https:\/\/vefaa.bike\/#website"},"datePublished":"2025-10-08T12:13:50+00:00","dateModified":"2025-10-09T07:15:11+00:00","breadcrumb":{"@id":"https:\/\/vefaa.bike\/produit\/marquage-velo-2\/#breadcrumb"},"inLanguage":"en-GB","potentialAction":[{"@type":"ReadAction","target":["https:\/\/vefaa.bike\/produit\/marquage-velo-2\/"]}]},{"@type":"BreadcrumbList","@id":"https:\/\/vefaa.bike\/produit\/marquage-velo-2\/#breadcrumb","itemListElement":[{"@type":"ListItem","position":1,"name":"Accueil","item":"https:\/\/vefaa.bike\/"},{"@type":"ListItem","position":2,"name":"Boutique","item":"https:\/\/vefaa.bike\/boutique\/"},{"@type":"ListItem","position":3,"name":"Marquage v\u00e9lo &#8211; Offert"}]},{"@type":"WebSite","@id":"https:\/\/vefaa.bike\/#website","url":"https:\/\/vefaa.bike\/","name":"Vefaa","description":"Se mettre au v\u00e9lo n\u2019aura jamais \u00e9t\u00e9 aussi facile","publisher":{"@id":"https:\/\/vefaa.bike\/#organization"},"potentialAction":[{"@type":"SearchAction","target":{"@type":"EntryPoint","urlTemplate":"https:\/\/vefaa.bike\/?s={search_term_string}"},"query-input":{"@type":"PropertyValueSpecification","valueRequired":true,"valueName":"search_term_string"}}],"inLanguage":"en-GB"},{"@type":"Organization","@id":"https:\/\/vefaa.bike\/#organization","name":"Vefaa","url":"https:\/\/vefaa.bike\/","logo":{"@type":"ImageObject","inLanguage":"en-GB","@id":"https:\/\/vefaa.bike\/#\/schema\/logo\/image\/","url":"http:\/\/mfdcovo.cluster028.hosting.ovh.net\/wp-content\/uploads\/2023\/11\/Logo-Vefaa.png","contentUrl":"http:\/\/mfdcovo.cluster028.hosting.ovh.net\/wp-content\/uploads\/2023\/11\/Logo-Vefaa.png","width":750,"height":299,"caption":"Vefaa"},"image":{"@id":"https:\/\/vefaa.bike\/#\/schema\/logo\/image\/"},"sameAs":["https:\/\/www.linkedin.com\/company\/vefaa\/"]}]}},"_links":{"self":[{"href":"https:\/\/vefaa.bike\/en\/wp-json\/wp\/v2\/product\/4463","targetHints":{"allow":["GET"]}}],"collection":[{"href":"https:\/\/vefaa.bike\/en\/wp-json\/wp\/v2\/product"}],"about":[{"href":"https:\/\/vefaa.bike\/en\/wp-json\/wp\/v2\/types\/product"}],"wp:attachment":[{"href":"https:\/\/vefaa.bike\/en\/wp-json\/wp\/v2\/media?parent=4463"}],"wp:term":[{"taxonomy":"product_brand","embeddable":true,"href":"https:\/\/vefaa.bike\/en\/wp-json\/wp\/v2\/product_brand?post=4463"},{"taxonomy":"product_cat","embeddable":true,"href":"https:\/\/vefaa.bike\/en\/wp-json\/wp\/v2\/product_cat?post=4463"},{"taxonomy":"product_tag","embeddable":true,"href":"https:\/\/vefaa.bike\/en\/wp-json\/wp\/v2\/product_tag?post=4463"}],"curies":[{"name":"wp","href":"https:\/\/api.w.org\/{rel}","templated":true}]}}